{"id":1442,"date":"2025-03-28T07:40:22","date_gmt":"2025-03-28T11:40:22","guid":{"rendered":"https:\/\/coffrefortdejulie.com\/product\/titre-du-cahier-18\/"},"modified":"2025-08-19T14:09:01","modified_gmt":"2025-08-19T18:09:01","slug":"titre-du-cahier-18","status":"publish","type":"product","link":"https:\/\/coffrefortdejulie.com\/en\/product\/titre-du-cahier-18\/","title":{"rendered":"Titre du cahier"},"content":{"rendered":"<p>Le cahier Mes petits devoirs avec Mambue : Le d\u00e9terminant est con\u00e7u pour aider les \u00e9l\u00e8ves \u00e0 ma\u00eetriser l&#8217;usage des d\u00e9terminants en fran\u00e7ais de mani\u00e8re ludique et progressive. Conform\u00e9ment aux programmes de formation, ce cahier propose un rappel de cours clair et accessible, suivi de 4 exercices vari\u00e9s pour renforcer la compr\u00e9hension et l&#8217;application des notions abord\u00e9es.<\/p>\n<p>Chaque exercice est accompagn\u00e9 de chapeaux \u00e0 colorier, offrant une pause cr\u00e9ative tout en r\u00e9compensant les efforts des \u00e9l\u00e8ves. Un corrig\u00e9 d\u00e9taill\u00e9 est inclus pour permettre une r\u00e9vision autonome, et un dipl\u00f4me est d\u00e9cern\u00e9 \u00e0 l&#8217;\u00e9l\u00e8ve \u00e0 la fin du cahier, c\u00e9l\u00e9brant ainsi sa r\u00e9ussite.<\/p>\n<p>Ce document en format PDF compte 24 pages.<\/p>\n","protected":false},"excerpt":{"rendered":"<p>Mes petits devoirs avec Julienne<\/p>\n","protected":false},"featured_media":1389,"comment_status":"open","ping_status":"closed","template":"","meta":{"_acf_changed":false},"product_brand":[],"product_cat":[65],"product_tag":[],"class_list":{"0":"post-1442","1":"product","2":"type-product","3":"status-publish","4":"has-post-thumbnail","6":"product_cat-hygiene-en","8":"first","9":"instock","10":"downloadable","11":"virtual","12":"taxable","13":"purchasable","14":"product-type-simple"},"acf":[],"yoast_head":"<!-- This site is optimized with the Yoast SEO plugin v25.7 - https:\/\/yoast.com\/wordpress\/plugins\/seo\/ -->\n<title>Titre du cahier - Coffre-Fort de Julie<\/title>\n<meta name=\"robots\" content=\"index, follow, max-snippet:-1, max-image-preview:large, max-video-preview:-1\" \/>\n<link rel=\"canonical\" href=\"https:\/\/coffrefortdejulie.com\/en\/product\/titre-du-cahier-18\/\" \/>\n<meta property=\"og:locale\" content=\"en_US\" \/>\n<meta property=\"og:type\" content=\"article\" \/>\n<meta property=\"og:title\" content=\"Titre du cahier - Coffre-Fort de Julie\" \/>\n<meta property=\"og:description\" content=\"Mes petits devoirs avec Julienne\" \/>\n<meta property=\"og:url\" content=\"https:\/\/coffrefortdejulie.com\/en\/product\/titre-du-cahier-18\/\" \/>\n<meta property=\"og:site_name\" content=\"Coffre-Fort de Julie\" \/>\n<meta property=\"article:publisher\" content=\"https:\/\/www.facebook.com\/coffrefortdejulie\" \/>\n<meta property=\"article:modified_time\" content=\"2025-08-19T18:09:01+00:00\" \/>\n<meta property=\"og:image\" content=\"https:\/\/coffrefortdejulie.com\/wp-content\/uploads\/woocommerce-placeholder.png\" \/>\n\t<meta property=\"og:image:width\" content=\"1200\" \/>\n\t<meta property=\"og:image:height\" content=\"1200\" \/>\n\t<meta property=\"og:image:type\" content=\"image\/png\" \/>\n<meta name=\"twitter:card\" content=\"summary_large_image\" \/>\n<meta name=\"twitter:label1\" content=\"Est. reading time\" \/>\n\t<meta name=\"twitter:data1\" content=\"1 minute\" \/>\n<script type=\"application\/ld+json\" class=\"yoast-schema-graph\">{\"@context\":\"https:\/\/schema.org\",\"@graph\":[{\"@type\":\"WebPage\",\"@id\":\"https:\/\/coffrefortdejulie.com\/en\/product\/titre-du-cahier-18\/\",\"url\":\"https:\/\/coffrefortdejulie.com\/en\/product\/titre-du-cahier-18\/\",\"name\":\"Titre du cahier - Coffre-Fort de Julie\",\"isPartOf\":{\"@id\":\"https:\/\/coffrefortdejulie.com\/en\/#website\"},\"primaryImageOfPage\":{\"@id\":\"https:\/\/coffrefortdejulie.com\/en\/product\/titre-du-cahier-18\/#primaryimage\"},\"image\":{\"@id\":\"https:\/\/coffrefortdejulie.com\/en\/product\/titre-du-cahier-18\/#primaryimage\"},\"thumbnailUrl\":\"https:\/\/coffrefortdejulie.com\/wp-content\/uploads\/woocommerce-placeholder.png\",\"datePublished\":\"2025-03-28T11:40:22+00:00\",\"dateModified\":\"2025-08-19T18:09:01+00:00\",\"breadcrumb\":{\"@id\":\"https:\/\/coffrefortdejulie.com\/en\/product\/titre-du-cahier-18\/#breadcrumb\"},\"inLanguage\":\"en-US\",\"potentialAction\":[{\"@type\":\"ReadAction\",\"target\":[\"https:\/\/coffrefortdejulie.com\/en\/product\/titre-du-cahier-18\/\"]}]},{\"@type\":\"ImageObject\",\"inLanguage\":\"en-US\",\"@id\":\"https:\/\/coffrefortdejulie.com\/en\/product\/titre-du-cahier-18\/#primaryimage\",\"url\":\"https:\/\/coffrefortdejulie.com\/wp-content\/uploads\/woocommerce-placeholder.png\",\"contentUrl\":\"https:\/\/coffrefortdejulie.com\/wp-content\/uploads\/woocommerce-placeholder.png\",\"width\":1200,\"height\":1200},{\"@type\":\"BreadcrumbList\",\"@id\":\"https:\/\/coffrefortdejulie.com\/en\/product\/titre-du-cahier-18\/#breadcrumb\",\"itemListElement\":[{\"@type\":\"ListItem\",\"position\":1,\"name\":\"Accueil\",\"item\":\"https:\/\/coffrefortdejulie.com\/en\/\"},{\"@type\":\"ListItem\",\"position\":2,\"name\":\"Shop\",\"item\":\"https:\/\/coffrefortdejulie.com\/shop\/\"},{\"@type\":\"ListItem\",\"position\":3,\"name\":\"Titre du cahier\"}]},{\"@type\":\"WebSite\",\"@id\":\"https:\/\/coffrefortdejulie.com\/en\/#website\",\"url\":\"https:\/\/coffrefortdejulie.com\/en\/\",\"name\":\"Coffre-Fort de Julie\",\"description\":\"\",\"publisher\":{\"@id\":\"https:\/\/coffrefortdejulie.com\/en\/#organization\"},\"potentialAction\":[{\"@type\":\"SearchAction\",\"target\":{\"@type\":\"EntryPoint\",\"urlTemplate\":\"https:\/\/coffrefortdejulie.com\/en\/?s={search_term_string}\"},\"query-input\":{\"@type\":\"PropertyValueSpecification\",\"valueRequired\":true,\"valueName\":\"search_term_string\"}}],\"inLanguage\":\"en-US\"},{\"@type\":\"Organization\",\"@id\":\"https:\/\/coffrefortdejulie.com\/en\/#organization\",\"name\":\"Coffre-Fort de Julie\",\"url\":\"https:\/\/coffrefortdejulie.com\/en\/\",\"logo\":{\"@type\":\"ImageObject\",\"inLanguage\":\"en-US\",\"@id\":\"https:\/\/coffrefortdejulie.com\/en\/#\/schema\/logo\/image\/\",\"url\":\"https:\/\/coffrefortdejulie.com\/wp-content\/uploads\/2025\/03\/logo-coffre-fort-de-julie-01-mini.png\",\"contentUrl\":\"https:\/\/coffrefortdejulie.com\/wp-content\/uploads\/2025\/03\/logo-coffre-fort-de-julie-01-mini.png\",\"width\":200,\"height\":100,\"caption\":\"Coffre-Fort de Julie\"},\"image\":{\"@id\":\"https:\/\/coffrefortdejulie.com\/en\/#\/schema\/logo\/image\/\"},\"sameAs\":[\"https:\/\/www.facebook.com\/coffrefortdejulie\",\"https:\/\/www.instagram.com\/coffrefortdejulie\",\"https:\/\/www.tiktok.com\/@coffrefortdejulie.com\"]}]}<\/script>\n<!-- \/ Yoast SEO plugin. -->","yoast_head_json":{"title":"Titre du cahier - Coffre-Fort de Julie","robots":{"index":"index","follow":"follow","max-snippet":"max-snippet:-1","max-image-preview":"max-image-preview:large","max-video-preview":"max-video-preview:-1"},"canonical":"https:\/\/coffrefortdejulie.com\/en\/product\/titre-du-cahier-18\/","og_locale":"en_US","og_type":"article","og_title":"Titre du cahier - Coffre-Fort de Julie","og_description":"Mes petits devoirs avec Julienne","og_url":"https:\/\/coffrefortdejulie.com\/en\/product\/titre-du-cahier-18\/","og_site_name":"Coffre-Fort de Julie","article_publisher":"https:\/\/www.facebook.com\/coffrefortdejulie","article_modified_time":"2025-08-19T18:09:01+00:00","og_image":[{"width":1200,"height":1200,"url":"https:\/\/coffrefortdejulie.com\/wp-content\/uploads\/woocommerce-placeholder.png","type":"image\/png"}],"twitter_card":"summary_large_image","twitter_misc":{"Est. reading time":"1 minute"},"schema":{"@context":"https:\/\/schema.org","@graph":[{"@type":"WebPage","@id":"https:\/\/coffrefortdejulie.com\/en\/product\/titre-du-cahier-18\/","url":"https:\/\/coffrefortdejulie.com\/en\/product\/titre-du-cahier-18\/","name":"Titre du cahier - Coffre-Fort de Julie","isPartOf":{"@id":"https:\/\/coffrefortdejulie.com\/en\/#website"},"primaryImageOfPage":{"@id":"https:\/\/coffrefortdejulie.com\/en\/product\/titre-du-cahier-18\/#primaryimage"},"image":{"@id":"https:\/\/coffrefortdejulie.com\/en\/product\/titre-du-cahier-18\/#primaryimage"},"thumbnailUrl":"https:\/\/coffrefortdejulie.com\/wp-content\/uploads\/woocommerce-placeholder.png","datePublished":"2025-03-28T11:40:22+00:00","dateModified":"2025-08-19T18:09:01+00:00","breadcrumb":{"@id":"https:\/\/coffrefortdejulie.com\/en\/product\/titre-du-cahier-18\/#breadcrumb"},"inLanguage":"en-US","potentialAction":[{"@type":"ReadAction","target":["https:\/\/coffrefortdejulie.com\/en\/product\/titre-du-cahier-18\/"]}]},{"@type":"ImageObject","inLanguage":"en-US","@id":"https:\/\/coffrefortdejulie.com\/en\/product\/titre-du-cahier-18\/#primaryimage","url":"https:\/\/coffrefortdejulie.com\/wp-content\/uploads\/woocommerce-placeholder.png","contentUrl":"https:\/\/coffrefortdejulie.com\/wp-content\/uploads\/woocommerce-placeholder.png","width":1200,"height":1200},{"@type":"BreadcrumbList","@id":"https:\/\/coffrefortdejulie.com\/en\/product\/titre-du-cahier-18\/#breadcrumb","itemListElement":[{"@type":"ListItem","position":1,"name":"Accueil","item":"https:\/\/coffrefortdejulie.com\/en\/"},{"@type":"ListItem","position":2,"name":"Shop","item":"https:\/\/coffrefortdejulie.com\/shop\/"},{"@type":"ListItem","position":3,"name":"Titre du cahier"}]},{"@type":"WebSite","@id":"https:\/\/coffrefortdejulie.com\/en\/#website","url":"https:\/\/coffrefortdejulie.com\/en\/","name":"Coffre-Fort de Julie","description":"","publisher":{"@id":"https:\/\/coffrefortdejulie.com\/en\/#organization"},"potentialAction":[{"@type":"SearchAction","target":{"@type":"EntryPoint","urlTemplate":"https:\/\/coffrefortdejulie.com\/en\/?s={search_term_string}"},"query-input":{"@type":"PropertyValueSpecification","valueRequired":true,"valueName":"search_term_string"}}],"inLanguage":"en-US"},{"@type":"Organization","@id":"https:\/\/coffrefortdejulie.com\/en\/#organization","name":"Coffre-Fort de Julie","url":"https:\/\/coffrefortdejulie.com\/en\/","logo":{"@type":"ImageObject","inLanguage":"en-US","@id":"https:\/\/coffrefortdejulie.com\/en\/#\/schema\/logo\/image\/","url":"https:\/\/coffrefortdejulie.com\/wp-content\/uploads\/2025\/03\/logo-coffre-fort-de-julie-01-mini.png","contentUrl":"https:\/\/coffrefortdejulie.com\/wp-content\/uploads\/2025\/03\/logo-coffre-fort-de-julie-01-mini.png","width":200,"height":100,"caption":"Coffre-Fort de Julie"},"image":{"@id":"https:\/\/coffrefortdejulie.com\/en\/#\/schema\/logo\/image\/"},"sameAs":["https:\/\/www.facebook.com\/coffrefortdejulie","https:\/\/www.instagram.com\/coffrefortdejulie","https:\/\/www.tiktok.com\/@coffrefortdejulie.com"]}]}},"_links":{"self":[{"href":"https:\/\/coffrefortdejulie.com\/en\/wp-json\/wp\/v2\/product\/1442","targetHints":{"allow":["GET"]}}],"collection":[{"href":"https:\/\/coffrefortdejulie.com\/en\/wp-json\/wp\/v2\/product"}],"about":[{"href":"https:\/\/coffrefortdejulie.com\/en\/wp-json\/wp\/v2\/types\/product"}],"replies":[{"embeddable":true,"href":"https:\/\/coffrefortdejulie.com\/en\/wp-json\/wp\/v2\/comments?post=1442"}],"wp:featuredmedia":[{"embeddable":true,"href":"https:\/\/coffrefortdejulie.com\/en\/wp-json\/wp\/v2\/media\/1389"}],"wp:attachment":[{"href":"https:\/\/coffrefortdejulie.com\/en\/wp-json\/wp\/v2\/media?parent=1442"}],"wp:term":[{"taxonomy":"product_brand","embeddable":true,"href":"https:\/\/coffrefortdejulie.com\/en\/wp-json\/wp\/v2\/product_brand?post=1442"},{"taxonomy":"product_cat","embeddable":true,"href":"https:\/\/coffrefortdejulie.com\/en\/wp-json\/wp\/v2\/product_cat?post=1442"},{"taxonomy":"product_tag","embeddable":true,"href":"https:\/\/coffrefortdejulie.com\/en\/wp-json\/wp\/v2\/product_tag?post=1442"}],"curies":[{"name":"wp","href":"https:\/\/api.w.org\/{rel}","templated":true}]}}