{"id":1954,"date":"2025-05-29T16:31:29","date_gmt":"2025-05-29T20:31:29","guid":{"rendered":"https:\/\/coffrefortdejulie.com\/politique-de-confidentialite\/"},"modified":"2025-05-29T16:35:41","modified_gmt":"2025-05-29T20:35:41","slug":"legal-notices-and-privacy-policy","status":"publish","type":"page","link":"https:\/\/coffrefortdejulie.com\/en\/legal-notices-and-privacy-policy\/","title":{"rendered":"Legal Notices and Privacy Policy"},"content":{"rendered":"\t\t<div data-elementor-type=\"wp-page\" data-elementor-id=\"1954\" class=\"elementor elementor-1954 elementor-1946\">\n\t\t\t\t<div class=\"elementor-element elementor-element-d002ecd e-flex e-con-boxed e-con e-parent\" data-id=\"d002ecd\" data-element_type=\"container\">\n\t\t\t\t\t<div class=\"e-con-inner\">\n\t\t\t\t<div class=\"elementor-element elementor-element-d5306df elementor-widget elementor-widget-text-editor\" data-id=\"d5306df\" data-element_type=\"widget\" data-widget_type=\"text-editor.default\">\n\t\t\t\t<div class=\"elementor-widget-container\">\n\t\t\t\t\t\t\t\t\t<h1><strong><u>MENTION L\u00c9GALE<\/u><\/strong><\/h1>\n<h2>1.\u00a0\u00a0\u00a0 Pr\u00e9sentation du site<\/h2>\nEn conformit\u00e9 avec les lois applicables au Canada et au Qu\u00e9bec, nous informons les utilisateurs du site\u00a0<strong>coffrefortdejulie.com<\/strong>\u00a0des informations suivantes :\n<ul>\n \t<li><strong>Propri\u00e9taire du site<\/strong>\u00a0: Julie Orthop\u00e9dagogie Inc. personne morale enregistr\u00e9e au Registraire des entreprises du Qu\u00e9bec\u2013 Num\u00e9ro d\u2019entreprise du Qu\u00e9bec (NEQ)\u00a0: 1176921659<\/li>\n \t<li><strong>Si\u00e8ge social<\/strong>\u00a0: 3460, Boulevard Saint-Elzear Ouest, Laval, Qu\u00e9bec, H7P 0M7<\/li>\n \t<li><strong>Responsable de la publication<\/strong>\u00a0: Julienne Djuikam Kenmegne \u2013 Contact : contact.julieortho@gmail.com<\/li>\n \t<li><strong>D\u00e9veloppement web \/ Webmaster<\/strong>\u00a0: iwebcontact<\/li>\n \t<li><strong>H\u00e9bergement<\/strong>\u00a0: Hostinger<\/li>\n \t<li><strong>Service \u00e0 la client\u00e8le<\/strong>\u00a0: 3460, Boulevard Saint-Elzear Ouest, Laval, Qu\u00e9bec, H7P 0M7\u2013 T\u00e9l\u00e9phone : 514-889-0500 \u2013 Courriel : contact.julieortho@gmail.com<\/li>\n<\/ul>\n<h2>2.\u00a0\u00a0\u00a0 Acceptation des conditions<\/h2>\nEn naviguant sur ce site, l\u2019utilisateur accepte les conditions d\u2019utilisation qui suivent. Ces conditions peuvent \u00eatre modifi\u00e9es \u00e0 tout moment sans pr\u00e9avis. Il incombe \u00e0 l\u2019utilisateur de s\u2019y r\u00e9f\u00e9rer r\u00e9guli\u00e8rement pour en prendre connaissance.\n<h2>3.\u00a0\u00a0\u00a0 Description des services<\/h2>\nLe site a pour but de fournir de l\u2019information g\u00e9n\u00e9rale sur produits \/ services \/ activit\u00e9s de l\u2019organisation.\n\nLes renseignements sont fournis \u00e0 titre indicatif. Bien que nous nous efforcions d\u2019assurer leur exactitude, nous ne garantissons pas leur exhaustivit\u00e9 ou leur actualit\u00e9, et d\u00e9clinons toute responsabilit\u00e9 quant \u00e0 leur utilisation.\n<h2>4.\u00a0\u00a0\u00a0 Responsabilit\u00e9<\/h2>\nJulie Orthop\u00e9dagogie Inc. ne pourra \u00eatre tenue responsable des dommages directs ou indirects caus\u00e9s au mat\u00e9riel de l\u2019utilisateur, \u00e0 la suite d\u2019un acc\u00e8s au site ou de l\u2019utilisation des services ou informations diffus\u00e9s.\n\nIl incombe \u00e0 l\u2019utilisateur de s\u2019assurer que son \u00e9quipement informatique est s\u00e9curis\u00e9 et exempt de virus.\n<h2>5.\u00a0\u00a0\u00a0 Propri\u00e9t\u00e9 intellectuelle<\/h2>\nLe contenu du site (textes, logos, images, vid\u00e9os, ic\u00f4nes, documents t\u00e9l\u00e9chargeables, codes source, etc.) est prot\u00e9g\u00e9 par la Loi sur le droit d\u2019auteur (L.R.C. (1985), ch. C-42) et, le cas \u00e9ch\u00e9ant, par d\u2019autres lois relatives \u00e0 la propri\u00e9t\u00e9 intellectuelle applicables au Canada.\n\nToute reproduction, distribution ou utilisation non autoris\u00e9e, totale ou partielle, sans le consentement \u00e9crit pr\u00e9alable de Julie Orthop\u00e9dagogie Inc. est interdite et peut entra\u00eener des poursuites.\n<h2>6.\u00a0\u00a0\u00a0 Donn\u00e9es personnelles et confidentialit\u00e9<\/h2>\nLa collecte, l\u2019utilisation et la conservation des renseignements personnels sont faites conform\u00e9ment \u00e0 la\u00a0<strong>Loi sur la protection des renseignements personnels dans le secteur priv\u00e9 (Qu\u00e9bec)<\/strong>\u00a0et \u00e0 la\u00a0<strong>Loi sur la protection des renseignements personnels et les documents \u00e9lectroniques (LPRPDE)<\/strong>.\n\nDes renseignements peuvent \u00eatre collect\u00e9s automatiquement (adresse IP, type de navigateur, pages consult\u00e9es, etc.) \u00e0 des fins statistiques ou de s\u00e9curit\u00e9. Lors de l\u2019utilisation de formulaires (inscription, contact, etc.), les renseignements transmis sont trait\u00e9s de mani\u00e8re confidentielle.\n<h3>Droits des utilisateurs :<\/h3>\nConform\u00e9ment \u00e0 la l\u00e9gislation, vous disposez des droits suivants :\n<ul>\n \t<li>Acc\u00e8s \u00e0 vos renseignements personnels ;<\/li>\n \t<li>Rectification de donn\u00e9es inexactes ;<\/li>\n \t<li>Retrait de votre consentement \u00e0 tout moment.<\/li>\n<\/ul>\nPour exercer vos droits ou poser une question :\ncontact.julieortho@gmail.com\n<h2>7.\u00a0\u00a0\u00a0 Utilisation des cookies<\/h2>\nCe site utilise des t\u00e9moins (cookies) \u00e0 des fins de performance, de statistiques, ou d\u2019exp\u00e9rience utilisateur.\n\nVous pouvez configurer votre navigateur pour refuser les cookies ou pour \u00eatre averti de leur utilisation. Le refus de cookies peut limiter l\u2019acc\u00e8s \u00e0 certaines fonctionnalit\u00e9s du site.\n<h2>8.\u00a0\u00a0\u00a0 Contact<\/h2>\nPour toute question ou r\u00e9clamation concernant le site ou les pr\u00e9sentes mentions l\u00e9gales :\n<strong>Courriel<\/strong>\u00a0: contact.julieortho@gmail.com\n<strong>T\u00e9l\u00e9phone<\/strong>\u00a0: 514-889-0500\n<strong>Adresse postale<\/strong> : 3460, Boulevard Saint-Elz\u00e9ar Ouest, Laval, Qu\u00e9bec, H7P 0M7\n\nDerni\u00e8re mise \u00e0 jour\n\nCes mentions l\u00e9gales ont \u00e9t\u00e9 mises \u00e0 jour pour la derni\u00e8re fois le :\u00a0<strong>28 mai 2025<\/strong>\n<h1><strong><u>Politique de confidentialit\u00e9<\/u><\/strong><\/h1>\n<h2>1.\u00a0\u00a0\u00a0 <strong>Champ d\u2019application<\/strong><\/h2>\nLa pr\u00e9sente Politique s\u2019applique \u00e0 tous les renseignements personnels que nous recueillons \u00e0 travers notre site Web <a href=\"https:\/\/coffrefortdejulie.com\">https:\/\/coffrefortdejulie.com<\/a>, nos plateformes num\u00e9riques, nos formulaires en ligne ou nos interactions directes avec vous, que vous soyez un utilisateur, client, abonn\u00e9, ou toute autre personne interagissant avec nous.\n<h2>2.\u00a0\u00a0\u00a0 <strong>Renseignements personnels collect\u00e9s<\/strong><\/h2>\nNous pouvons collecter les cat\u00e9gories de renseignements personnels suivantes :\n<ul>\n \t<li>Nom, pr\u00e9nom<\/li>\n \t<li>Adresse courriel<\/li>\n \t<li>Num\u00e9ro de t\u00e9l\u00e9phone<\/li>\n \t<li>Localisation g\u00e9ographique approximative<\/li>\n \t<li>Informations fournies volontairement par courriel, formulaire ou lors d\u2019une inscription<\/li>\n \t<li>Donn\u00e9es issues de fichiers t\u00e9moins (cookies) ou technologies similaires<\/li>\n<\/ul>\n<h2>3.\u00a0\u00a0\u00a0 <strong>Finalit\u00e9s de la collecte<\/strong><\/h2>\nVos renseignements sont recueillis pour les raisons suivantes :\n<ul>\n \t<li>R\u00e9pondre \u00e0 vos demandes de renseignements ou de soutien<\/li>\n \t<li>Am\u00e9liorer nos services et fonctionnalit\u00e9s Web<\/li>\n \t<li>G\u00e9rer les inscriptions aux infolettres ou autres communications<\/li>\n \t<li>Personnaliser votre exp\u00e9rience utilisateur<\/li>\n \t<li>R\u00e9aliser des analyses statistiques<\/li>\n \t<li>Se conformer \u00e0 nos obligations l\u00e9gales<\/li>\n<\/ul>\n<h2>4.\u00a0\u00a0\u00a0 <strong>Consentement<\/strong><\/h2>\nEn utilisant notre site Web ou en nous fournissant volontairement vos renseignements personnels, vous consentez \u00e0 la collecte, \u00e0 l&#8217;utilisation et \u00e0 la communication de ces renseignements tel que d\u00e9crit dans la pr\u00e9sente Politique. Vous pouvez retirer votre consentement \u00e0 tout moment, sous r\u00e9serve de restrictions l\u00e9gales ou contractuelles.\n<h2>5.\u00a0\u00a0\u00a0 <strong>Communication \u00e0 des tiers<\/strong><\/h2>\nNous ne vendons ni ne louons vos renseignements personnels. Toutefois, nous pouvons les partager avec :\n<ul>\n \t<li>Nos fournisseurs de services (h\u00e9bergement, marketing, TI) pour ex\u00e9cuter certains services<\/li>\n \t<li>Des autorit\u00e9s gouvernementales ou r\u00e9glementaires si la loi l\u2019exige<\/li>\n \t<li>Une partie impliqu\u00e9e dans une transaction d\u2019affaires (fusion, acquisition), sous r\u00e9serve de mesures de protection appropri\u00e9es<\/li>\n<\/ul>\n<h2>6.\u00a0\u00a0\u00a0 <strong>Mesures de s\u00e9curit\u00e9<\/strong><\/h2>\nNous avons mis en place des mesures de s\u00e9curit\u00e9 administratives, techniques et physiques pour prot\u00e9ger vos renseignements personnels contre l\u2019acc\u00e8s non autoris\u00e9, la perte, le vol ou la divulgation.\n<h2>7.\u00a0\u00a0\u00a0 <strong>Dur\u00e9e de conservation<\/strong><\/h2>\nNous conservons vos renseignements personnels aussi longtemps que n\u00e9cessaire aux fins pour lesquelles ils ont \u00e9t\u00e9 recueillis, ou pour satisfaire \u00e0 des exigences l\u00e9gales, comptables ou de d\u00e9claration.\n<h2>8.\u00a0\u00a0\u00a0 <strong>Vos droits<\/strong><\/h2>\nConform\u00e9ment aux lois en vigueur, vous avez les droits suivants :\n<ul>\n \t<li>Acc\u00e9der \u00e0 vos renseignements personnels<\/li>\n \t<li>Rectifier des renseignements inexacts ou incomplets<\/li>\n \t<li>Retirer votre consentement \u00e0 certaines utilisations<\/li>\n \t<li>Demander l\u2019effacement de vos donn\u00e9es, sauf exceptions l\u00e9gales<\/li>\n \t<li>Demander la portabilit\u00e9 de vos donn\u00e9es<\/li>\n \t<li>Vous opposer au traitement de vos donn\u00e9es dans certains cas<\/li>\n \t<li>D\u00e9poser une plainte aupr\u00e8s de la Commission d\u2019acc\u00e8s \u00e0 l\u2019information (Qu\u00e9bec) ou du Commissariat \u00e0 la protection de la vie priv\u00e9e du Canada<\/li>\n<\/ul>\n<h2>9.\u00a0\u00a0\u00a0 <strong>Modifications \u00e0 la Politique<\/strong><\/h2>\nNous nous r\u00e9servons le droit de modifier la pr\u00e9sente Politique \u00e0 tout moment. Toute modification sera affich\u00e9e sur cette page avec la date de mise \u00e0 jour. Veuillez consulter r\u00e9guli\u00e8rement cette Politique pour prendre connaissance des changements.\n\n&nbsp;\t\t\t\t\t\t\t\t<\/div>\n\t\t\t\t<\/div>\n\t\t\t\t\t<\/div>\n\t\t\t\t<\/div>\n\t\t\t\t<\/div>\n\t\t","protected":false},"excerpt":{"rendered":"<p>MENTION L\u00c9GALE 1.\u00a0\u00a0\u00a0 Pr\u00e9sentation du site En conformit\u00e9 avec les lois applicables au Canada et au Qu\u00e9bec, nous informons les utilisateurs du site\u00a0coffrefortdejulie.com\u00a0des informations suivantes : Propri\u00e9taire du site\u00a0: Julie Orthop\u00e9dagogie Inc. personne morale enregistr\u00e9e au Registraire des entreprises du Qu\u00e9bec\u2013 Num\u00e9ro d\u2019entreprise du Qu\u00e9bec (NEQ)\u00a0: 1176921659 Si\u00e8ge social\u00a0: 3460, Boulevard Saint-Elzear Ouest, Laval, Qu\u00e9bec, &hellip; <\/p>\n<p class=\"link-more\"><a href=\"https:\/\/coffrefortdejulie.com\/en\/legal-notices-and-privacy-policy\/\" class=\"more-link\">Continue reading<span class=\"screen-reader-text\"> &#8220;Legal Notices and Privacy Policy&#8221;<\/span><\/a><\/p>\n","protected":false},"author":44,"featured_media":0,"parent":0,"menu_order":0,"comment_status":"closed","ping_status":"closed","template":"","meta":{"_acf_changed":false,"footnotes":""},"class_list":["post-1954","page","type-page","status-publish","hentry"],"acf":[],"yoast_head":"<!-- This site is optimized with the Yoast SEO plugin v25.7 - https:\/\/yoast.com\/wordpress\/plugins\/seo\/ -->\n<title>Legal Notices and Privacy Policy - Coffre-Fort de Julie<\/title>\n<meta name=\"robots\" content=\"index, follow, max-snippet:-1, max-image-preview:large, max-video-preview:-1\" \/>\n<link rel=\"canonical\" href=\"https:\/\/coffrefortdejulie.com\/en\/legal-notices-and-privacy-policy\/\" \/>\n<meta property=\"og:locale\" content=\"en_US\" \/>\n<meta property=\"og:type\" content=\"article\" \/>\n<meta property=\"og:title\" content=\"Legal Notices and Privacy Policy - Coffre-Fort de Julie\" \/>\n<meta property=\"og:description\" content=\"MENTION L\u00c9GALE 1.\u00a0\u00a0\u00a0 Pr\u00e9sentation du site En conformit\u00e9 avec les lois applicables au Canada et au Qu\u00e9bec, nous informons les utilisateurs du site\u00a0coffrefortdejulie.com\u00a0des informations suivantes : Propri\u00e9taire du site\u00a0: Julie Orthop\u00e9dagogie Inc. personne morale enregistr\u00e9e au Registraire des entreprises du Qu\u00e9bec\u2013 Num\u00e9ro d\u2019entreprise du Qu\u00e9bec (NEQ)\u00a0: 1176921659 Si\u00e8ge social\u00a0: 3460, Boulevard Saint-Elzear Ouest, Laval, Qu\u00e9bec, &hellip; Continue reading &quot;Legal Notices and Privacy Policy&quot;\" \/>\n<meta property=\"og:url\" content=\"https:\/\/coffrefortdejulie.com\/en\/legal-notices-and-privacy-policy\/\" \/>\n<meta property=\"og:site_name\" content=\"Coffre-Fort de Julie\" \/>\n<meta property=\"article:publisher\" content=\"https:\/\/www.facebook.com\/coffrefortdejulie\" \/>\n<meta property=\"article:modified_time\" content=\"2025-05-29T20:35:41+00:00\" \/>\n<meta name=\"twitter:card\" content=\"summary_large_image\" \/>\n<meta name=\"twitter:label1\" content=\"Est. reading time\" \/>\n\t<meta name=\"twitter:data1\" content=\"5 minutes\" \/>\n<script type=\"application\/ld+json\" class=\"yoast-schema-graph\">{\"@context\":\"https:\/\/schema.org\",\"@graph\":[{\"@type\":\"WebPage\",\"@id\":\"https:\/\/coffrefortdejulie.com\/en\/legal-notices-and-privacy-policy\/\",\"url\":\"https:\/\/coffrefortdejulie.com\/en\/legal-notices-and-privacy-policy\/\",\"name\":\"Legal Notices and Privacy Policy - Coffre-Fort de Julie\",\"isPartOf\":{\"@id\":\"https:\/\/coffrefortdejulie.com\/en\/#website\"},\"datePublished\":\"2025-05-29T20:31:29+00:00\",\"dateModified\":\"2025-05-29T20:35:41+00:00\",\"breadcrumb\":{\"@id\":\"https:\/\/coffrefortdejulie.com\/en\/legal-notices-and-privacy-policy\/#breadcrumb\"},\"inLanguage\":\"en-US\",\"potentialAction\":[{\"@type\":\"ReadAction\",\"target\":[\"https:\/\/coffrefortdejulie.com\/en\/legal-notices-and-privacy-policy\/\"]}]},{\"@type\":\"BreadcrumbList\",\"@id\":\"https:\/\/coffrefortdejulie.com\/en\/legal-notices-and-privacy-policy\/#breadcrumb\",\"itemListElement\":[{\"@type\":\"ListItem\",\"position\":1,\"name\":\"Accueil\",\"item\":\"https:\/\/coffrefortdejulie.com\/en\/\"},{\"@type\":\"ListItem\",\"position\":2,\"name\":\"Legal Notices and Privacy Policy\"}]},{\"@type\":\"WebSite\",\"@id\":\"https:\/\/coffrefortdejulie.com\/en\/#website\",\"url\":\"https:\/\/coffrefortdejulie.com\/en\/\",\"name\":\"Coffre-Fort de Julie\",\"description\":\"\",\"publisher\":{\"@id\":\"https:\/\/coffrefortdejulie.com\/en\/#organization\"},\"potentialAction\":[{\"@type\":\"SearchAction\",\"target\":{\"@type\":\"EntryPoint\",\"urlTemplate\":\"https:\/\/coffrefortdejulie.com\/en\/?s={search_term_string}\"},\"query-input\":{\"@type\":\"PropertyValueSpecification\",\"valueRequired\":true,\"valueName\":\"search_term_string\"}}],\"inLanguage\":\"en-US\"},{\"@type\":\"Organization\",\"@id\":\"https:\/\/coffrefortdejulie.com\/en\/#organization\",\"name\":\"Coffre-Fort de Julie\",\"url\":\"https:\/\/coffrefortdejulie.com\/en\/\",\"logo\":{\"@type\":\"ImageObject\",\"inLanguage\":\"en-US\",\"@id\":\"https:\/\/coffrefortdejulie.com\/en\/#\/schema\/logo\/image\/\",\"url\":\"https:\/\/coffrefortdejulie.com\/wp-content\/uploads\/2025\/03\/logo-coffre-fort-de-julie-01-mini.png\",\"contentUrl\":\"https:\/\/coffrefortdejulie.com\/wp-content\/uploads\/2025\/03\/logo-coffre-fort-de-julie-01-mini.png\",\"width\":200,\"height\":100,\"caption\":\"Coffre-Fort de Julie\"},\"image\":{\"@id\":\"https:\/\/coffrefortdejulie.com\/en\/#\/schema\/logo\/image\/\"},\"sameAs\":[\"https:\/\/www.facebook.com\/coffrefortdejulie\",\"https:\/\/www.instagram.com\/coffrefortdejulie\",\"https:\/\/www.tiktok.com\/@coffrefortdejulie.com\"]}]}<\/script>\n<!-- \/ Yoast SEO plugin. -->","yoast_head_json":{"title":"Legal Notices and Privacy Policy - Coffre-Fort de Julie","robots":{"index":"index","follow":"follow","max-snippet":"max-snippet:-1","max-image-preview":"max-image-preview:large","max-video-preview":"max-video-preview:-1"},"canonical":"https:\/\/coffrefortdejulie.com\/en\/legal-notices-and-privacy-policy\/","og_locale":"en_US","og_type":"article","og_title":"Legal Notices and Privacy Policy - Coffre-Fort de Julie","og_description":"MENTION L\u00c9GALE 1.\u00a0\u00a0\u00a0 Pr\u00e9sentation du site En conformit\u00e9 avec les lois applicables au Canada et au Qu\u00e9bec, nous informons les utilisateurs du site\u00a0coffrefortdejulie.com\u00a0des informations suivantes : Propri\u00e9taire du site\u00a0: Julie Orthop\u00e9dagogie Inc. personne morale enregistr\u00e9e au Registraire des entreprises du Qu\u00e9bec\u2013 Num\u00e9ro d\u2019entreprise du Qu\u00e9bec (NEQ)\u00a0: 1176921659 Si\u00e8ge social\u00a0: 3460, Boulevard Saint-Elzear Ouest, Laval, Qu\u00e9bec, &hellip; Continue reading \"Legal Notices and Privacy Policy\"","og_url":"https:\/\/coffrefortdejulie.com\/en\/legal-notices-and-privacy-policy\/","og_site_name":"Coffre-Fort de Julie","article_publisher":"https:\/\/www.facebook.com\/coffrefortdejulie","article_modified_time":"2025-05-29T20:35:41+00:00","twitter_card":"summary_large_image","twitter_misc":{"Est. reading time":"5 minutes"},"schema":{"@context":"https:\/\/schema.org","@graph":[{"@type":"WebPage","@id":"https:\/\/coffrefortdejulie.com\/en\/legal-notices-and-privacy-policy\/","url":"https:\/\/coffrefortdejulie.com\/en\/legal-notices-and-privacy-policy\/","name":"Legal Notices and Privacy Policy - Coffre-Fort de Julie","isPartOf":{"@id":"https:\/\/coffrefortdejulie.com\/en\/#website"},"datePublished":"2025-05-29T20:31:29+00:00","dateModified":"2025-05-29T20:35:41+00:00","breadcrumb":{"@id":"https:\/\/coffrefortdejulie.com\/en\/legal-notices-and-privacy-policy\/#breadcrumb"},"inLanguage":"en-US","potentialAction":[{"@type":"ReadAction","target":["https:\/\/coffrefortdejulie.com\/en\/legal-notices-and-privacy-policy\/"]}]},{"@type":"BreadcrumbList","@id":"https:\/\/coffrefortdejulie.com\/en\/legal-notices-and-privacy-policy\/#breadcrumb","itemListElement":[{"@type":"ListItem","position":1,"name":"Accueil","item":"https:\/\/coffrefortdejulie.com\/en\/"},{"@type":"ListItem","position":2,"name":"Legal Notices and Privacy Policy"}]},{"@type":"WebSite","@id":"https:\/\/coffrefortdejulie.com\/en\/#website","url":"https:\/\/coffrefortdejulie.com\/en\/","name":"Coffre-Fort de Julie","description":"","publisher":{"@id":"https:\/\/coffrefortdejulie.com\/en\/#organization"},"potentialAction":[{"@type":"SearchAction","target":{"@type":"EntryPoint","urlTemplate":"https:\/\/coffrefortdejulie.com\/en\/?s={search_term_string}"},"query-input":{"@type":"PropertyValueSpecification","valueRequired":true,"valueName":"search_term_string"}}],"inLanguage":"en-US"},{"@type":"Organization","@id":"https:\/\/coffrefortdejulie.com\/en\/#organization","name":"Coffre-Fort de Julie","url":"https:\/\/coffrefortdejulie.com\/en\/","logo":{"@type":"ImageObject","inLanguage":"en-US","@id":"https:\/\/coffrefortdejulie.com\/en\/#\/schema\/logo\/image\/","url":"https:\/\/coffrefortdejulie.com\/wp-content\/uploads\/2025\/03\/logo-coffre-fort-de-julie-01-mini.png","contentUrl":"https:\/\/coffrefortdejulie.com\/wp-content\/uploads\/2025\/03\/logo-coffre-fort-de-julie-01-mini.png","width":200,"height":100,"caption":"Coffre-Fort de Julie"},"image":{"@id":"https:\/\/coffrefortdejulie.com\/en\/#\/schema\/logo\/image\/"},"sameAs":["https:\/\/www.facebook.com\/coffrefortdejulie","https:\/\/www.instagram.com\/coffrefortdejulie","https:\/\/www.tiktok.com\/@coffrefortdejulie.com"]}]}},"_links":{"self":[{"href":"https:\/\/coffrefortdejulie.com\/en\/wp-json\/wp\/v2\/pages\/1954","targetHints":{"allow":["GET"]}}],"collection":[{"href":"https:\/\/coffrefortdejulie.com\/en\/wp-json\/wp\/v2\/pages"}],"about":[{"href":"https:\/\/coffrefortdejulie.com\/en\/wp-json\/wp\/v2\/types\/page"}],"author":[{"embeddable":true,"href":"https:\/\/coffrefortdejulie.com\/en\/wp-json\/wp\/v2\/users\/44"}],"replies":[{"embeddable":true,"href":"https:\/\/coffrefortdejulie.com\/en\/wp-json\/wp\/v2\/comments?post=1954"}],"version-history":[{"count":2,"href":"https:\/\/coffrefortdejulie.com\/en\/wp-json\/wp\/v2\/pages\/1954\/revisions"}],"predecessor-version":[{"id":1956,"href":"https:\/\/coffrefortdejulie.com\/en\/wp-json\/wp\/v2\/pages\/1954\/revisions\/1956"}],"wp:attachment":[{"href":"https:\/\/coffrefortdejulie.com\/en\/wp-json\/wp\/v2\/media?parent=1954"}],"curies":[{"name":"wp","href":"https:\/\/api.w.org\/{rel}","templated":true}]}}